{"id":19980,"date":"2025-02-14T16:09:55","date_gmt":"2025-02-14T16:09:55","guid":{"rendered":"https:\/\/conference.hu\/?page_id=19980"},"modified":"2025-02-17T10:17:09","modified_gmt":"2025-02-17T10:17:09","slug":"data-transfer-declaration","status":"publish","type":"page","link":"https:\/\/conference.hu\/en\/data-transfer-declaration\/","title":{"rendered":"Data Transfer Declaration"},"content":{"rendered":"<p>I acknowledge the following personal data stored in the user account of Conference &amp; Event Management Kft. (B\u00f6sz\u00f6rm\u00e9nyi \u00fat 35\/b H-1126 Budapest, Hungary) in the user database of www.conference.hu\nwill be handed over to OTP Mobil Ltd. and is trusted as data processor. The data\ntransferred by the data controller are the following: \nLast name, First name, Company name, Country, Street address, Town \/ City, State \/ County, Postcode \/ ZIP, Phone, Email address<\/p><p>The  nature  and  purpose  of  the  data  processing  activity  performed  by  the  data processor  in  the SimplePay Privacy Policy can be found at the following link: <\/p><p><a href=\"https:\/\/simplepay.hu\/adatkezelesi-tajekoztatok\" target=\"_blank\" rel=\"noreferrer noopener\">https:\/\/simplepay.hu\/adatkezelesi-tajekoztatok<\/a><\/p><p><\/p>","protected":false},"excerpt":{"rendered":"<p>Tudom\u00e1sul veszem, hogy a Conference &amp; Event Management Kft (B\u00f6sz\u00f6rm\u00e9nyi \u00fat 35\/b H-1126 Budapest, Magyarorsz\u00e1g) adatkezel\u0151 \u00e1ltal a(z) www.conference.hu felhaszn\u00e1l\u00f3i adatb\u00e1zis\u00e1ban t\u00e1rolt al\u00e1bbi szem\u00e9lyes adataim \u00e1tad\u00e1sra ker\u00fclnek az OTP Mobil&hellip;<\/p>","protected":false},"author":97,"featured_media":0,"parent":0,"menu_order":0,"comment_status":"closed","ping_status":"closed","template":"","meta":{"footnotes":""},"class_list":["post-19980","page","type-page","status-publish","hentry"],"_links":{"self":[{"href":"https:\/\/conference.hu\/en\/wp-json\/wp\/v2\/pages\/19980","targetHints":{"allow":["GET"]}}],"collection":[{"href":"https:\/\/conference.hu\/en\/wp-json\/wp\/v2\/pages"}],"about":[{"href":"https:\/\/conference.hu\/en\/wp-json\/wp\/v2\/types\/page"}],"author":[{"embeddable":true,"href":"https:\/\/conference.hu\/en\/wp-json\/wp\/v2\/users\/97"}],"replies":[{"embeddable":true,"href":"https:\/\/conference.hu\/en\/wp-json\/wp\/v2\/comments?post=19980"}],"version-history":[{"count":6,"href":"https:\/\/conference.hu\/en\/wp-json\/wp\/v2\/pages\/19980\/revisions"}],"predecessor-version":[{"id":19992,"href":"https:\/\/conference.hu\/en\/wp-json\/wp\/v2\/pages\/19980\/revisions\/19992"}],"wp:attachment":[{"href":"https:\/\/conference.hu\/en\/wp-json\/wp\/v2\/media?parent=19980"}],"curies":[{"name":"wp","href":"https:\/\/api.w.org\/{rel}","templated":true}]}}