{"id":19633,"date":"2023-08-05T12:58:43","date_gmt":"2023-08-05T12:58:43","guid":{"rendered":"https:\/\/eventmanagement.hu\/foglalas-megerositese\/"},"modified":"2023-08-05T12:58:43","modified_gmt":"2023-08-05T12:58:43","slug":"foglalas-megerositese","status":"publish","type":"page","link":"https:\/\/conference.hu\/en\/foglalas-megerositese\/","title":{"rendered":"Foglal\u00e1s meger\u0151s\u00edt\u00e9se"},"content":{"rendered":"<div class=\"mphb_sc_checkout-wrapper\"><\/div>","protected":false},"excerpt":{"rendered":"","protected":false},"author":97,"featured_media":0,"parent":0,"menu_order":0,"comment_status":"closed","ping_status":"closed","template":"","meta":{"footnotes":""},"class_list":["post-19633","page","type-page","status-publish","hentry"],"_links":{"self":[{"href":"https:\/\/conference.hu\/en\/wp-json\/wp\/v2\/pages\/19633","targetHints":{"allow":["GET"]}}],"collection":[{"href":"https:\/\/conference.hu\/en\/wp-json\/wp\/v2\/pages"}],"about":[{"href":"https:\/\/conference.hu\/en\/wp-json\/wp\/v2\/types\/page"}],"author":[{"embeddable":true,"href":"https:\/\/conference.hu\/en\/wp-json\/wp\/v2\/users\/97"}],"replies":[{"embeddable":true,"href":"https:\/\/conference.hu\/en\/wp-json\/wp\/v2\/comments?post=19633"}],"version-history":[{"count":0,"href":"https:\/\/conference.hu\/en\/wp-json\/wp\/v2\/pages\/19633\/revisions"}],"wp:attachment":[{"href":"https:\/\/conference.hu\/en\/wp-json\/wp\/v2\/media?parent=19633"}],"curies":[{"name":"wp","href":"https:\/\/api.w.org\/{rel}","templated":true}]}}