{"id":19110,"date":"2023-06-28T08:10:20","date_gmt":"2023-06-28T08:10:20","guid":{"rendered":"https:\/\/eventmanagement.hu\/?page_id=19110"},"modified":"2023-06-28T08:28:34","modified_gmt":"2023-06-28T08:28:34","slug":"klub-rendezvenyek","status":"publish","type":"page","link":"https:\/\/conference.hu\/en\/szolgaltatasok\/klub-rendezvenyek\/","title":{"rendered":"Club events"},"content":{"rendered":"<div data-elementor-type=\"wp-page\" data-elementor-id=\"19110\" class=\"elementor elementor-19110\">\n\t\t\t\t\t\t<section class=\"elementor-section elementor-top-section elementor-element elementor-element-5ce860d elementor-section-boxed elementor-section-height-default elementor-section-height-default sc_fly_static\" data-id=\"5ce860d\" data-element_type=\"section\">\n\t\t\t\t\t\t<div class=\"elementor-container elementor-column-gap-extended\">\n\t\t\t\t\t<div class=\"elementor-column elementor-col-100 elementor-top-column elementor-element elementor-element-36bbf9a sc_inner_width_none sc_content_align_inherit sc_layouts_column_icons_position_left sc_fly_static\" data-id=\"36bbf9a\" data-element_type=\"column\">\n\t\t\t<div class=\"elementor-widget-wrap elementor-element-populated\">\n\t\t\t\t\t\t<div class=\"elementor-element elementor-element-2c41ddf sc_height_huge sc_fly_static elementor-widget elementor-widget-spacer\" data-id=\"2c41ddf\" data-element_type=\"widget\" data-widget_type=\"spacer.default\">\n\t\t\t\t<div class=\"elementor-widget-container\">\n\t\t\t\t\t\t\t<div class=\"elementor-spacer\">\n\t\t\t<div class=\"elementor-spacer-inner\"><\/div>\n\t\t<\/div>\n\t\t\t\t\t\t<\/div>\n\t\t\t\t<\/div>\n\t\t\t\t\t<\/div>\n\t\t<\/div>\n\t\t\t\t\t<\/div>\n\t\t<\/section>\n\t\t\t\t<section class=\"elementor-section elementor-top-section elementor-element elementor-element-308ee23 elementor-section-boxed elementor-section-height-default elementor-section-height-default sc_fly_static\" data-id=\"308ee23\" data-element_type=\"section\">\n\t\t\t\t\t\t<div class=\"elementor-container elementor-column-gap-extended\">\n\t\t\t\t\t<div class=\"elementor-column elementor-col-100 elementor-top-column elementor-element elementor-element-fa889f2 sc_inner_width_none sc_content_align_inherit sc_layouts_column_icons_position_left sc_fly_static\" data-id=\"fa889f2\" data-element_type=\"column\">\n\t\t\t<div class=\"elementor-widget-wrap elementor-element-populated\">\n\t\t\t\t\t\t<div class=\"elementor-element elementor-element-b600398 sc_fly_static elementor-widget elementor-widget-trx_sc_services\" data-id=\"b600398\" data-element_type=\"widget\" data-widget_type=\"trx_sc_services.default\">\n\t\t\t\t<div class=\"elementor-widget-container\">\n\t\t\t\t\t<div class=\"sc_services sc_services_default sc_services_featured_top\"><div class=\"sc_services_columns_wrap sc_item_columns sc_item_posts_container sc_item_columns_3 trx_addons_columns_wrap columns_padding_bottom\"><div class=\"trx_addons_column-1_3\"><div data-post-id=\"19112\" class=\"sc_services_item sc_item_container post_container with_content with_image sc_services_item_featured_top post-19112 cpt_services type-cpt_services status-publish has-post-thumbnail hentry cpt_services_group-klub-rendezvenyek\" data-item-number=\"1\"\n>\n\t<div class=\"post_featured with_thumb hover_link sc_services_item_thumb\"><img fetchpriority=\"high\" decoding=\"async\" width=\"300\" height=\"220\" src=\"https:\/\/i0.wp.com\/conference.hu\/wp-content\/uploads\/2023\/06\/tap-logo-300x300-px.jpg?resize=300%2C220&amp;ssl=1\" class=\"attachment-qwery-thumb-square size-qwery-thumb-square wp-post-image\" alt=\"\" \/>\t\t\t\t\t\t<div class=\"mask\"><\/div>\n\t\t\t\t\t\t<a class=\"post_link sc_services_item_link\" href=\"https:\/\/conference.hu\/en\/ajanlat\/travel-agents-pub\/\"><\/a>\t\t\t<a href=\"https:\/\/conference.hu\/en\/ajanlat\/travel-agents-pub\/\"  aria-hidden=\"true\" class=\"link\"><\/a>\n\t\t\t<\/div>\t\n\t<div class=\"sc_services_item_info\">\n\t\t\t\t<div class=\"sc_services_item_header\">\n\t\t\t\t\t\t<h4 class=\"sc_services_item_title entry-title\"><a href=\"https:\/\/conference.hu\/en\/ajanlat\/travel-agents-pub\/\">Travel Agent&#8217;s Pub<\/a><\/h4>\n            <div class=\"sc_services_item_subtitle\"><a href=\"https:\/\/conference.hu\/en\/services_group\/klub-rendezvenyek\/\" title=\"View all posts in Klub rendezv\u00e9nyek\">Club events<\/a><\/div>\t\t<\/div>\n\t\t                    <div class=\"sc_services_item_content\"><p>MI AZ A TAP? A TAP, azaz Travel Agent&#8217;s Pub egy havonta, v\u00e1ltoz\u00f3 rendezv\u00e9nyhelysz\u00ednen megrendezett idegenforgalmi rendezv\u00e9nysorozat \u00e9s szakmai f\u00f3rum. Az elnevez\u00e9s sz\u00f3rakoz\u00e1si \u00e9s egyben ismerked\u00e9si lehet\u0151s\u00e9get rejt mag\u00e1ban. Egy&hellip;<\/p>\n<\/div><div class=\"sc_services_item_button sc_item_button\">\n            <a href=\"https:\/\/conference.hu\/en\/ajanlat\/travel-agents-pub\/\" class=\"sc_services_item_more_link\">\n                <span class=\"link_text\">I'm interested<\/span><span class=\"link_icon\"><\/span>\n            <\/a>\n            <\/div><\/div>\n<\/div>\n<\/div><div class=\"trx_addons_column-1_3\"><div data-post-id=\"19114\" class=\"sc_services_item sc_item_container post_container with_content with_image sc_services_item_featured_top post-19114 cpt_services type-cpt_services status-publish has-post-thumbnail hentry cpt_services_group-klub-rendezvenyek\" data-item-number=\"2\"\n>\n\t<div class=\"post_featured with_thumb hover_link sc_services_item_thumb\"><img decoding=\"async\" width=\"300\" height=\"220\" src=\"https:\/\/i0.wp.com\/conference.hu\/wp-content\/uploads\/2023\/06\/Medipub-logo-conference.jpg?resize=300%2C220&amp;ssl=1\" class=\"attachment-qwery-thumb-square size-qwery-thumb-square wp-post-image\" alt=\"\" \/>\t\t\t\t\t\t<div class=\"mask\"><\/div>\n\t\t\t\t\t\t<a class=\"post_link sc_services_item_link\" href=\"https:\/\/conference.hu\/en\/ajanlat\/medipub\/\"><\/a>\t\t\t<a href=\"https:\/\/conference.hu\/en\/ajanlat\/medipub\/\"  aria-hidden=\"true\" class=\"link\"><\/a>\n\t\t\t<\/div>\t\n\t<div class=\"sc_services_item_info\">\n\t\t\t\t<div class=\"sc_services_item_header\">\n\t\t\t\t\t\t<h4 class=\"sc_services_item_title entry-title\"><a href=\"https:\/\/conference.hu\/en\/ajanlat\/medipub\/\">MediPub<\/a><\/h4>\n            <div class=\"sc_services_item_subtitle\"><a href=\"https:\/\/conference.hu\/en\/services_group\/klub-rendezvenyek\/\" title=\"View all posts in Klub rendezv\u00e9nyek\">Club events<\/a><\/div>\t\t<\/div>\n\t\t                    <div class=\"sc_services_item_content\"><p>A Medipub klub az eg\u00e9szs\u00e9g\u00fcgyben dolgoz\u00f3 \u00e9s tanul\u00f3, illetve a szakm\u00e1hoz kapcsol\u00f3d\u00f3 term\u00e9kgy\u00e1rt\u00f3k \u00e9s forgalmaz\u00f3k \u00f6sszeismertet\u00e9s\u00e9re j\u00f6tt l\u00e9tre. A szakmai csapat\u00e9p\u00edt\u0151 programra felh\u0151tlen \u00e9s oldott hangulatban ker\u00edt\u00fcnk sort havi rendszeress\u00e9ggel&hellip;<\/p>\n<\/div><div class=\"sc_services_item_button sc_item_button\">\n            <a href=\"https:\/\/conference.hu\/en\/ajanlat\/medipub\/\" class=\"sc_services_item_more_link\">\n                <span class=\"link_text\">I'm interested<\/span><span class=\"link_icon\"><\/span>\n            <\/a>\n            <\/div><\/div>\n<\/div>\n<\/div><div class=\"trx_addons_column-1_3\"><div data-post-id=\"19116\" class=\"sc_services_item sc_item_container post_container with_content with_image sc_services_item_featured_top post-19116 cpt_services type-cpt_services status-publish has-post-thumbnail hentry cpt_services_group-klub-rendezvenyek\" data-item-number=\"3\"\n>\n\t<div class=\"post_featured with_thumb hover_link sc_services_item_thumb\"><img decoding=\"async\" width=\"300\" height=\"220\" src=\"https:\/\/i0.wp.com\/conference.hu\/wp-content\/uploads\/2023\/06\/telepub-logo-conference.jpg?resize=300%2C220&amp;ssl=1\" class=\"attachment-qwery-thumb-square size-qwery-thumb-square wp-post-image\" alt=\"\" \/>\t\t\t\t\t\t<div class=\"mask\"><\/div>\n\t\t\t\t\t\t<a class=\"post_link sc_services_item_link\" href=\"https:\/\/conference.hu\/en\/ajanlat\/telepub\/\"><\/a>\t\t\t<a href=\"https:\/\/conference.hu\/en\/ajanlat\/telepub\/\"  aria-hidden=\"true\" class=\"link\"><\/a>\n\t\t\t<\/div>\t\n\t<div class=\"sc_services_item_info\">\n\t\t\t\t<div class=\"sc_services_item_header\">\n\t\t\t\t\t\t<h4 class=\"sc_services_item_title entry-title\"><a href=\"https:\/\/conference.hu\/en\/ajanlat\/telepub\/\">TelePub<\/a><\/h4>\n            <div class=\"sc_services_item_subtitle\"><a href=\"https:\/\/conference.hu\/en\/services_group\/klub-rendezvenyek\/\" title=\"View all posts in Klub rendezv\u00e9nyek\">Club events<\/a><\/div>\t\t<\/div>\n\t\t                    <div class=\"sc_services_item_content\"><p>A TelePub klub c\u00e9lja, hogy a telekommunik\u00e1ci\u00f3 ter\u00fclet\u00e9n dolgoz\u00f3k, illetve term\u00e9kgy\u00e1rt\u00f3k, forgalmaz\u00f3k szakmai k\u00f6rnyezetben, m\u00e9gis egy teljesen laza hangulatban t\u00f6ltsenek el egy kellemes est\u00e9t, havonta egyszer. A Telepub &#8211; rendezv\u00e9nyek&hellip;<\/p>\n<\/div><div class=\"sc_services_item_button sc_item_button\">\n            <a href=\"https:\/\/conference.hu\/en\/ajanlat\/telepub\/\" class=\"sc_services_item_more_link\">\n                <span class=\"link_text\">I'm interested<\/span><span class=\"link_icon\"><\/span>\n            <\/a>\n            <\/div><\/div>\n<\/div>\n<\/div><div class=\"trx_addons_column-1_3\"><div data-post-id=\"19118\" class=\"sc_services_item sc_item_container post_container with_content with_image sc_services_item_featured_top post-19118 cpt_services type-cpt_services status-publish has-post-thumbnail hentry cpt_services_group-klub-rendezvenyek\" data-item-number=\"4\"\n>\n\t<div class=\"post_featured with_thumb hover_link sc_services_item_thumb\"><img loading=\"lazy\" decoding=\"async\" width=\"300\" height=\"220\" src=\"https:\/\/i0.wp.com\/conference.hu\/wp-content\/uploads\/2023\/06\/clubparty_logo_conference.jpg?resize=300%2C220&amp;ssl=1\" class=\"attachment-qwery-thumb-square size-qwery-thumb-square wp-post-image\" alt=\"\" \/>\t\t\t\t\t\t<div class=\"mask\"><\/div>\n\t\t\t\t\t\t<a class=\"post_link sc_services_item_link\" href=\"https:\/\/conference.hu\/en\/ajanlat\/clubparty\/\"><\/a>\t\t\t<a href=\"https:\/\/conference.hu\/en\/ajanlat\/clubparty\/\"  aria-hidden=\"true\" class=\"link\"><\/a>\n\t\t\t<\/div>\t\n\t<div class=\"sc_services_item_info\">\n\t\t\t\t<div class=\"sc_services_item_header\">\n\t\t\t\t\t\t<h4 class=\"sc_services_item_title entry-title\"><a href=\"https:\/\/conference.hu\/en\/ajanlat\/clubparty\/\">ClubParty<\/a><\/h4>\n            <div class=\"sc_services_item_subtitle\"><a href=\"https:\/\/conference.hu\/en\/services_group\/klub-rendezvenyek\/\" title=\"View all posts in Klub rendezv\u00e9nyek\">Club events<\/a><\/div>\t\t<\/div>\n\t\t                    <div class=\"sc_services_item_content\"><p>ClubParty &#8211; nyakkend\u0151 n\u00e9lk\u00fcl! ClubParty azoknak, akik k\u00f6t\u00f6tts\u00e9gek n\u00e9lk\u00fcl, de m\u00e9gis kultur\u00e1lt k\u00f6r\u00fclm\u00e9nyek k\u00f6z\u00f6tt szeretnek bulizni.ClubPartyazoknak, akinek a klub\u00e9let nem csak a k\u00fcl\u00f6nb\u00f6z\u0151 klubok l\u00e1togat\u00e1s\u00e1t jelenti, hanem azoknak, akik sz\u00edvesen&hellip;<\/p>\n<\/div><div class=\"sc_services_item_button sc_item_button\">\n            <a href=\"https:\/\/conference.hu\/en\/ajanlat\/clubparty\/\" class=\"sc_services_item_more_link\">\n                <span class=\"link_text\">I'm interested<\/span><span class=\"link_icon\"><\/span>\n            <\/a>\n            <\/div><\/div>\n<\/div>\n<\/div><div class=\"trx_addons_column-1_3\"><div data-post-id=\"19120\" class=\"sc_services_item sc_item_container post_container with_content with_image sc_services_item_featured_top post-19120 cpt_services type-cpt_services status-publish has-post-thumbnail hentry cpt_services_group-klub-rendezvenyek\" data-item-number=\"5\"\n>\n\t<div class=\"post_featured with_thumb hover_link sc_services_item_thumb\"><img loading=\"lazy\" decoding=\"async\" width=\"300\" height=\"220\" src=\"https:\/\/i0.wp.com\/conference.hu\/wp-content\/uploads\/2023\/06\/logo-4-conference.jpg?resize=300%2C220&amp;ssl=1\" class=\"attachment-qwery-thumb-square size-qwery-thumb-square wp-post-image\" alt=\"\" \/>\t\t\t\t\t\t<div class=\"mask\"><\/div>\n\t\t\t\t\t\t<a class=\"post_link sc_services_item_link\" href=\"https:\/\/conference.hu\/en\/ajanlat\/4wheelpub\/\"><\/a>\t\t\t<a href=\"https:\/\/conference.hu\/en\/ajanlat\/4wheelpub\/\"  aria-hidden=\"true\" class=\"link\"><\/a>\n\t\t\t<\/div>\t\n\t<div class=\"sc_services_item_info\">\n\t\t\t\t<div class=\"sc_services_item_header\">\n\t\t\t\t\t\t<h4 class=\"sc_services_item_title entry-title\"><a href=\"https:\/\/conference.hu\/en\/ajanlat\/4wheelpub\/\">4WheelPub<\/a><\/h4>\n            <div class=\"sc_services_item_subtitle\"><a href=\"https:\/\/conference.hu\/en\/services_group\/klub-rendezvenyek\/\" title=\"View all posts in Klub rendezv\u00e9nyek\">Club events<\/a><\/div>\t\t<\/div>\n\t\t                    <div class=\"sc_services_item_content\"><p>A 4WheelPub egy olyan klub, ahol az aut\u00f3iparban dolgoz\u00f3k \u00e9s keresked\u0151k szakmai k\u00f6rnyezetben, de m\u00e9gis felh\u0151tlen \u00e9s fesztelen hangulatban, min\u0151s\u00e9gi catering szolg\u00e1ltat\u00e1s (finom \u00e9telek \u00e9s italok) mellett t\u00f6lthetnek el egy&hellip;<\/p>\n<\/div><div class=\"sc_services_item_button sc_item_button\">\n            <a href=\"https:\/\/conference.hu\/en\/ajanlat\/4wheelpub\/\" class=\"sc_services_item_more_link\">\n                <span class=\"link_text\">I'm interested<\/span><span class=\"link_icon\"><\/span>\n            <\/a>\n            <\/div><\/div>\n<\/div>\n<\/div><div class=\"trx_addons_column-1_3\"><div data-post-id=\"19122\" class=\"sc_services_item sc_item_container post_container with_content with_image sc_services_item_featured_top post-19122 cpt_services type-cpt_services status-publish has-post-thumbnail hentry cpt_services_group-klub-rendezvenyek\" data-item-number=\"6\"\n>\n\t<div class=\"post_featured with_thumb hover_link sc_services_item_thumb\"><img loading=\"lazy\" decoding=\"async\" width=\"300\" height=\"220\" src=\"https:\/\/i0.wp.com\/conference.hu\/wp-content\/uploads\/2023\/06\/rep-logouj-conference.jpg?resize=300%2C220&amp;ssl=1\" class=\"attachment-qwery-thumb-square size-qwery-thumb-square wp-post-image\" alt=\"\" \/>\t\t\t\t\t\t<div class=\"mask\"><\/div>\n\t\t\t\t\t\t<a class=\"post_link sc_services_item_link\" href=\"https:\/\/conference.hu\/en\/ajanlat\/real-estate-pub\/\"><\/a>\t\t\t<a href=\"https:\/\/conference.hu\/en\/ajanlat\/real-estate-pub\/\"  aria-hidden=\"true\" class=\"link\"><\/a>\n\t\t\t<\/div>\t\n\t<div class=\"sc_services_item_info\">\n\t\t\t\t<div class=\"sc_services_item_header\">\n\t\t\t\t\t\t<h4 class=\"sc_services_item_title entry-title\"><a href=\"https:\/\/conference.hu\/en\/ajanlat\/real-estate-pub\/\">Real Estate Pub<\/a><\/h4>\n            <div class=\"sc_services_item_subtitle\"><a href=\"https:\/\/conference.hu\/en\/services_group\/klub-rendezvenyek\/\" title=\"View all posts in Klub rendezv\u00e9nyek\">Club events<\/a><\/div>\t\t<\/div>\n\t\t                    <div class=\"sc_services_item_content\"><p>Az Ingatlan Kocsma &#8211; Real Estate Pub (REP) egy olyan klub ahol az ingatlanpiac ter\u00fclet\u00e9n dolgoz\u00f3k \u00e9s keresked\u0151k szakmai k\u00f6rnyezetben, de m\u00e9gis felh\u0151tlen \u00e9s laza l\u00e9gk\u00f6rben t\u00f6lthetnek el egy est\u00e9t&hellip;<\/p>\n<\/div><div class=\"sc_services_item_button sc_item_button\">\n            <a href=\"https:\/\/conference.hu\/en\/ajanlat\/real-estate-pub\/\" class=\"sc_services_item_more_link\">\n                <span class=\"link_text\">I'm interested<\/span><span class=\"link_icon\"><\/span>\n            <\/a>\n            <\/div><\/div>\n<\/div>\n<\/div><\/div><\/div>\t\t\t\t<\/div>\n\t\t\t\t<\/div>\n\t\t\t\t\t<\/div>\n\t\t<\/div>\n\t\t\t\t\t<\/div>\n\t\t<\/section>\n\t\t\t\t<\/div>","protected":false},"excerpt":{"rendered":"<p>Travel Agent&#8217;s Pub Klub rendezv\u00e9nyek Magyarorsz\u00e1g > K\u00f6z\u00e9p-Magyarorsz\u00e1g > Budapest MI AZ A TAP? A TAP, azaz Travel Agent&#8217;s Pub egy havonta, v\u00e1ltoz\u00f3 rendezv\u00e9nyhelysz\u00ednen megrendezett idegenforgalmi rendezv\u00e9nysorozat \u00e9s szakmai f\u00f3rum.&hellip;<\/p>","protected":false},"author":97,"featured_media":0,"parent":18296,"menu_order":0,"comment_status":"closed","ping_status":"closed","template":"","meta":{"footnotes":""},"class_list":["post-19110","page","type-page","status-publish","hentry"],"_links":{"self":[{"href":"https:\/\/conference.hu\/en\/wp-json\/wp\/v2\/pages\/19110","targetHints":{"allow":["GET"]}}],"collection":[{"href":"https:\/\/conference.hu\/en\/wp-json\/wp\/v2\/pages"}],"about":[{"href":"https:\/\/conference.hu\/en\/wp-json\/wp\/v2\/types\/page"}],"author":[{"embeddable":true,"href":"https:\/\/conference.hu\/en\/wp-json\/wp\/v2\/users\/97"}],"replies":[{"embeddable":true,"href":"https:\/\/conference.hu\/en\/wp-json\/wp\/v2\/comments?post=19110"}],"version-history":[{"count":4,"href":"https:\/\/conference.hu\/en\/wp-json\/wp\/v2\/pages\/19110\/revisions"}],"predecessor-version":[{"id":19129,"href":"https:\/\/conference.hu\/en\/wp-json\/wp\/v2\/pages\/19110\/revisions\/19129"}],"up":[{"embeddable":true,"href":"https:\/\/conference.hu\/en\/wp-json\/wp\/v2\/pages\/18296"}],"wp:attachment":[{"href":"https:\/\/conference.hu\/en\/wp-json\/wp\/v2\/media?parent=19110"}],"curies":[{"name":"wp","href":"https:\/\/api.w.org\/{rel}","templated":true}]}}