{"id":19094,"date":"2023-06-28T07:58:02","date_gmt":"2023-06-28T07:58:02","guid":{"rendered":"https:\/\/eventmanagement.hu\/?page_id=19094"},"modified":"2023-06-28T08:25:38","modified_gmt":"2023-06-28T08:25:38","slug":"kiemelt-ajanlatok","status":"publish","type":"page","link":"https:\/\/conference.hu\/en\/szolgaltatasok\/kiemelt-ajanlatok\/","title":{"rendered":"Special offers"},"content":{"rendered":"<div data-elementor-type=\"wp-page\" data-elementor-id=\"19094\" class=\"elementor elementor-19094\">\n\t\t\t\t\t\t<section class=\"elementor-section elementor-top-section elementor-element elementor-element-5ce860d elementor-section-boxed elementor-section-height-default elementor-section-height-default sc_fly_static\" data-id=\"5ce860d\" data-element_type=\"section\">\n\t\t\t\t\t\t<div class=\"elementor-container elementor-column-gap-extended\">\n\t\t\t\t\t<div class=\"elementor-column elementor-col-100 elementor-top-column elementor-element elementor-element-36bbf9a sc_inner_width_none sc_content_align_inherit sc_layouts_column_icons_position_left sc_fly_static\" data-id=\"36bbf9a\" data-element_type=\"column\">\n\t\t\t<div class=\"elementor-widget-wrap elementor-element-populated\">\n\t\t\t\t\t\t<div class=\"elementor-element elementor-element-2c41ddf sc_height_huge sc_fly_static elementor-widget elementor-widget-spacer\" data-id=\"2c41ddf\" data-element_type=\"widget\" data-widget_type=\"spacer.default\">\n\t\t\t\t<div class=\"elementor-widget-container\">\n\t\t\t\t\t\t\t<div class=\"elementor-spacer\">\n\t\t\t<div class=\"elementor-spacer-inner\"><\/div>\n\t\t<\/div>\n\t\t\t\t\t\t<\/div>\n\t\t\t\t<\/div>\n\t\t\t\t\t<\/div>\n\t\t<\/div>\n\t\t\t\t\t<\/div>\n\t\t<\/section>\n\t\t\t\t<section class=\"elementor-section elementor-top-section elementor-element elementor-element-308ee23 elementor-section-boxed elementor-section-height-default elementor-section-height-default sc_fly_static\" data-id=\"308ee23\" data-element_type=\"section\">\n\t\t\t\t\t\t<div class=\"elementor-container elementor-column-gap-extended\">\n\t\t\t\t\t<div class=\"elementor-column elementor-col-100 elementor-top-column elementor-element elementor-element-fa889f2 sc_inner_width_none sc_content_align_inherit sc_layouts_column_icons_position_left sc_fly_static\" data-id=\"fa889f2\" data-element_type=\"column\">\n\t\t\t<div class=\"elementor-widget-wrap elementor-element-populated\">\n\t\t\t\t\t\t<div class=\"elementor-element elementor-element-b600398 sc_fly_static elementor-widget elementor-widget-trx_sc_services\" data-id=\"b600398\" data-element_type=\"widget\" data-widget_type=\"trx_sc_services.default\">\n\t\t\t\t<div class=\"elementor-widget-container\">\n\t\t\t\t\t<div class=\"sc_services sc_services_default sc_services_featured_top\"><div class=\"sc_services_columns_wrap sc_item_columns sc_item_posts_container sc_item_columns_3 trx_addons_columns_wrap columns_padding_bottom columns_in_single_row\"><div class=\"trx_addons_column-1_3\"><div data-post-id=\"19096\" class=\"sc_services_item sc_item_container post_container with_content with_image sc_services_item_featured_top post-19096 cpt_services type-cpt_services status-publish has-post-thumbnail hentry cpt_services_group-kiemelt-ajanlatok\" data-item-number=\"1\"\n>\n\t<div class=\"post_featured with_thumb hover_link sc_services_item_thumb\"><img fetchpriority=\"high\" decoding=\"async\" width=\"500\" height=\"200\" src=\"https:\/\/i0.wp.com\/conference.hu\/wp-content\/uploads\/2023\/06\/konferencia_szervezes_gerbaud_haz-1.jpg?resize=500%2C200&amp;ssl=1\" class=\"attachment-qwery-thumb-square size-qwery-thumb-square wp-post-image\" alt=\"\" srcset=\"https:\/\/i0.wp.com\/conference.hu\/wp-content\/uploads\/2023\/06\/konferencia_szervezes_gerbaud_haz-1.jpg?w=500&amp;ssl=1 500w, https:\/\/i0.wp.com\/conference.hu\/wp-content\/uploads\/2023\/06\/konferencia_szervezes_gerbaud_haz-1.jpg?resize=300%2C120&amp;ssl=1 300w, https:\/\/i0.wp.com\/conference.hu\/wp-content\/uploads\/2023\/06\/konferencia_szervezes_gerbaud_haz-1.jpg?resize=370%2C148&amp;ssl=1 370w, https:\/\/i0.wp.com\/conference.hu\/wp-content\/uploads\/2023\/06\/konferencia_szervezes_gerbaud_haz-1.jpg?resize=410%2C164&amp;ssl=1 410w\" sizes=\"(max-width: 600px) 100vw, 500px\" \/>\t\t\t\t\t\t<div class=\"mask\"><\/div>\n\t\t\t\t\t\t<a class=\"post_link sc_services_item_link\" href=\"https:\/\/conference.hu\/en\/ajanlat\/egyedi-konferencia-a-gerbeaud-hazban\/\"><\/a>\t\t\t<a href=\"https:\/\/conference.hu\/en\/ajanlat\/egyedi-konferencia-a-gerbeaud-hazban\/\"  aria-hidden=\"true\" class=\"link\"><\/a>\n\t\t\t<\/div>\t\n\t<div class=\"sc_services_item_info\">\n\t\t\t\t<div class=\"sc_services_item_header\">\n\t\t\t\t\t\t<h4 class=\"sc_services_item_title entry-title\"><a href=\"https:\/\/conference.hu\/en\/ajanlat\/egyedi-konferencia-a-gerbeaud-hazban\/\">Egyedi Konferencia a Gerbeaud H\u00e1zban<\/a><\/h4>\n            <div class=\"sc_services_item_subtitle\"><a href=\"https:\/\/conference.hu\/en\/services_group\/kiemelt-ajanlatok\/\" title=\"View all posts in Kiemelt aj\u00e1nlatok\">Special offers<\/a><\/div>\t\t<\/div>\n\t\t                    <div class=\"sc_services_item_content\"><p>A konferencia szervez\u00e9s alkalm\u00e1val nagyon fontos a megfelel\u0151 rendezv\u00e9nyhelysz\u00edn kiv\u00e1laszt\u00e1sa. Aj\u00e1nlataink k\u00f6z\u00f6tt szerepel egy exkluz\u00edv, rendk\u00edv\u00fcl eleg\u00e1ns rendezv\u00e9nyhelysz\u00edn, Gerbeaud H\u00e1z, ahol lehet\u0151s\u00e9g van a kis l\u00e9tsz\u00e1m\u00fa meeting esem\u00e9nyek (15-20 f\u0151)&hellip;<\/p>\n<\/div><div class=\"sc_services_item_button sc_item_button\">\n            <a href=\"https:\/\/conference.hu\/en\/ajanlat\/egyedi-konferencia-a-gerbeaud-hazban\/\" class=\"sc_services_item_more_link\">\n                <span class=\"link_text\">I'm interested<\/span><span class=\"link_icon\"><\/span>\n            <\/a>\n            <\/div><\/div>\n<\/div>\n<\/div><div class=\"trx_addons_column-1_3\"><div data-post-id=\"19099\" class=\"sc_services_item sc_item_container post_container with_content with_image sc_services_item_featured_top post-19099 cpt_services type-cpt_services status-publish has-post-thumbnail hentry cpt_services_group-kiemelt-ajanlatok\" data-item-number=\"2\"\n>\n\t<div class=\"post_featured with_thumb hover_link sc_services_item_thumb\"><img decoding=\"async\" width=\"348\" height=\"200\" src=\"https:\/\/i0.wp.com\/conference.hu\/wp-content\/uploads\/2023\/06\/ceges_csapatepites_beli_vej_furdo_2.jpg?resize=348%2C200&amp;ssl=1\" class=\"attachment-qwery-thumb-square size-qwery-thumb-square wp-post-image\" alt=\"\" srcset=\"https:\/\/i0.wp.com\/conference.hu\/wp-content\/uploads\/2023\/06\/ceges_csapatepites_beli_vej_furdo_2.jpg?w=348&amp;ssl=1 348w, https:\/\/i0.wp.com\/conference.hu\/wp-content\/uploads\/2023\/06\/ceges_csapatepites_beli_vej_furdo_2.jpg?resize=300%2C172&amp;ssl=1 300w\" sizes=\"(max-width: 600px) 100vw, 348px\" \/>\t\t\t\t\t\t<div class=\"mask\"><\/div>\n\t\t\t\t\t\t<a class=\"post_link sc_services_item_link\" href=\"https:\/\/conference.hu\/en\/ajanlat\/exkluziv-csapatepites-a-veli-bej-furdoben\/\"><\/a>\t\t\t<a href=\"https:\/\/conference.hu\/en\/ajanlat\/exkluziv-csapatepites-a-veli-bej-furdoben\/\"  aria-hidden=\"true\" class=\"link\"><\/a>\n\t\t\t<\/div>\t\n\t<div class=\"sc_services_item_info\">\n\t\t\t\t<div class=\"sc_services_item_header\">\n\t\t\t\t\t\t<h4 class=\"sc_services_item_title entry-title\"><a href=\"https:\/\/conference.hu\/en\/ajanlat\/exkluziv-csapatepites-a-veli-bej-furdoben\/\">Exkluz\u00edv Csapat\u00e9p\u00edt\u00e9s a Veli Bej F\u00fcrd\u0151ben<\/a><\/h4>\n            <div class=\"sc_services_item_subtitle\"><a href=\"https:\/\/conference.hu\/en\/services_group\/kiemelt-ajanlatok\/\" title=\"View all posts in Kiemelt aj\u00e1nlatok\">Special offers<\/a><\/div>\t\t<\/div>\n\t\t                    <div class=\"sc_services_item_content\"><p>Sz\u00f3rakoztat\u00f3, j\u00e1t\u00e9kos, vid\u00e1m csapat\u00e9p\u00edt\u0151 programok Budapest egyik legexluz\u00edvabb hely\u00e9n, a Veli Bej F\u00fcrd\u0151 ter\u00fclet\u00e9n! A XVI. sz\u00e1zadi t\u00f6r\u00f6k f\u00fcrd\u0151t teljesk\u00f6r\u0171en fel\u00fajj\u00edtott\u00e1k \u00e9s modern felszerel\u00e9sekkel l\u00e1tt\u00e1k el, \u00edgy a keleti hangulat&hellip;<\/p>\n<\/div><div class=\"sc_services_item_button sc_item_button\">\n            <a href=\"https:\/\/conference.hu\/en\/ajanlat\/exkluziv-csapatepites-a-veli-bej-furdoben\/\" class=\"sc_services_item_more_link\">\n                <span class=\"link_text\">I'm interested<\/span><span class=\"link_icon\"><\/span>\n            <\/a>\n            <\/div><\/div>\n<\/div>\n<\/div><div class=\"trx_addons_column-1_3\"><div data-post-id=\"19104\" class=\"sc_services_item sc_item_container post_container with_content with_image sc_services_item_featured_top post-19104 cpt_services type-cpt_services status-publish has-post-thumbnail hentry cpt_services_group-kiemelt-ajanlatok\" data-item-number=\"3\"\n>\n\t<div class=\"post_featured with_thumb hover_link sc_services_item_thumb\"><img decoding=\"async\" width=\"300\" height=\"220\" src=\"https:\/\/i0.wp.com\/conference.hu\/wp-content\/uploads\/2023\/06\/kemenceshaz2-vagott.jpg?resize=300%2C220&amp;ssl=1\" class=\"attachment-qwery-thumb-square size-qwery-thumb-square wp-post-image\" alt=\"\" \/>\t\t\t\t\t\t<div class=\"mask\"><\/div>\n\t\t\t\t\t\t<a class=\"post_link sc_services_item_link\" href=\"https:\/\/conference.hu\/en\/ajanlat\/tanyasi-disznovagas-a-kemenceshazban\/\"><\/a>\t\t\t<a href=\"https:\/\/conference.hu\/en\/ajanlat\/tanyasi-disznovagas-a-kemenceshazban\/\"  aria-hidden=\"true\" class=\"link\"><\/a>\n\t\t\t<\/div>\t\n\t<div class=\"sc_services_item_info\">\n\t\t\t\t<div class=\"sc_services_item_header\">\n\t\t\t\t\t\t<h4 class=\"sc_services_item_title entry-title\"><a href=\"https:\/\/conference.hu\/en\/ajanlat\/tanyasi-disznovagas-a-kemenceshazban\/\">Tanyasi diszn\u00f3v\u00e1g\u00e1s a kemenc\u00e9sh\u00e1zban<\/a><\/h4>\n            <div class=\"sc_services_item_subtitle\"><a href=\"https:\/\/conference.hu\/en\/services_group\/kiemelt-ajanlatok\/\" title=\"View all posts in Kiemelt aj\u00e1nlatok\">Special offers<\/a><\/div>\t\t<\/div>\n\t\t                    <div class=\"sc_services_item_content\"><p>Magyarorsz\u00e1g &gt; K\u00f6z\u00e9p-Magyarorsz\u00e1g &gt; Budapest A Cs\u00f3kak\u0151i Kemenc\u00e9s H\u00e1z elnyerte az \u00e9v cs\u00e1rd\u00e1ja d\u00edjat 2010-ben. Hangulat\u00e1nak \u00e9s a tanyasi diszn\u00f3v\u00e1g\u00e1s programnak k\u00f6sz\u00f6nhet\u0151en val\u00f3ban olyan, mintha egy vid\u00e9ki paraszth\u00e1z udvar\u00e1ba t\u00e9vedt\u00fcnk&hellip;<\/p>\n<\/div><div class=\"sc_services_item_button sc_item_button\">\n            <a href=\"https:\/\/conference.hu\/en\/ajanlat\/tanyasi-disznovagas-a-kemenceshazban\/\" class=\"sc_services_item_more_link\">\n                <span class=\"link_text\">I'm interested<\/span><span class=\"link_icon\"><\/span>\n            <\/a>\n            <\/div><\/div>\n<\/div>\n<\/div><\/div><\/div>\t\t\t\t<\/div>\n\t\t\t\t<\/div>\n\t\t\t\t\t<\/div>\n\t\t<\/div>\n\t\t\t\t\t<\/div>\n\t\t<\/section>\n\t\t\t\t<\/div>","protected":false},"excerpt":{"rendered":"<p>Egyedi Konferencia a Gerbeaud H\u00e1zban Kiemelt aj\u00e1nlatok Magyarorsz\u00e1g &gt; K\u00f6z\u00e9p-Magyarorsz\u00e1g &gt; Budapest A konferencia szervez\u00e9s alkalm\u00e1val nagyon fontos a megfelel\u0151 rendezv\u00e9nyhelysz\u00edn kiv\u00e1laszt\u00e1sa. Aj\u00e1nlataink k\u00f6z\u00f6tt szerepel egy exkluz\u00edv, rendk\u00edv\u00fcl eleg\u00e1ns rendezv\u00e9nyhelysz\u00edn,&hellip;<\/p>","protected":false},"author":97,"featured_media":0,"parent":18296,"menu_order":0,"comment_status":"closed","ping_status":"closed","template":"","meta":{"footnotes":""},"class_list":["post-19094","page","type-page","status-publish","hentry"],"_links":{"self":[{"href":"https:\/\/conference.hu\/en\/wp-json\/wp\/v2\/pages\/19094","targetHints":{"allow":["GET"]}}],"collection":[{"href":"https:\/\/conference.hu\/en\/wp-json\/wp\/v2\/pages"}],"about":[{"href":"https:\/\/conference.hu\/en\/wp-json\/wp\/v2\/types\/page"}],"author":[{"embeddable":true,"href":"https:\/\/conference.hu\/en\/wp-json\/wp\/v2\/users\/97"}],"replies":[{"embeddable":true,"href":"https:\/\/conference.hu\/en\/wp-json\/wp\/v2\/comments?post=19094"}],"version-history":[{"count":4,"href":"https:\/\/conference.hu\/en\/wp-json\/wp\/v2\/pages\/19094\/revisions"}],"predecessor-version":[{"id":19126,"href":"https:\/\/conference.hu\/en\/wp-json\/wp\/v2\/pages\/19094\/revisions\/19126"}],"up":[{"embeddable":true,"href":"https:\/\/conference.hu\/en\/wp-json\/wp\/v2\/pages\/18296"}],"wp:attachment":[{"href":"https:\/\/conference.hu\/en\/wp-json\/wp\/v2\/media?parent=19094"}],"curies":[{"name":"wp","href":"https:\/\/api.w.org\/{rel}","templated":true}]}}