{"id":18732,"date":"2023-04-30T22:06:24","date_gmt":"2023-04-30T22:06:24","guid":{"rendered":"https:\/\/azidegenvezeto.hu\/?page_id=18732"},"modified":"2023-04-30T22:48:49","modified_gmt":"2023-04-30T22:48:49","slug":"elkoszono","status":"publish","type":"page","link":"https:\/\/conference.hu\/en\/elkoszono\/","title":{"rendered":"Elk\u00f6sz\u00f6n\u0151"},"content":{"rendered":"<h2 class=\"wp-block-heading\">K\u00f6sz\u00f6n\u00f6m, hogy kit\u00f6lt\u00f6tte a k\u00e9rd\u0151\u00edvet.<\/h2><p>Rem\u00e9lem hamarosan ism\u00e9t egy\u00fctt utazhatunk egy bakancslist\u00e1s helyre.<\/p><p><strong>\u00dcdv\u00f6zlettel,<\/strong><br>Aranyi Istv\u00e1n<br>Idegenvezet\u0151<br><a href=\"tel:+36309334490\" data-type=\"tel\" data-id=\"tel:+36309334490\">+36309334490<\/a><br><a href=\"mailto:istvan.aranyi@gmail.com\">istvan.aranyi@gmail.com<\/a><\/p>","protected":false},"excerpt":{"rendered":"<p>K\u00f6sz\u00f6n\u00f6m, hogy kit\u00f6lt\u00f6tte a k\u00e9rd\u0151\u00edvet. Rem\u00e9lem hamarosan ism\u00e9t egy\u00fctt utazhatunk egy bakancslist\u00e1s helyre. \u00dcdv\u00f6zlettel,Aranyi Istv\u00e1nIdegenvezet\u0151+36309334490istvan.aranyi@gmail.com<\/p>","protected":false},"author":97,"featured_media":0,"parent":0,"menu_order":0,"comment_status":"closed","ping_status":"closed","template":"","meta":{"footnotes":""},"class_list":["post-18732","page","type-page","status-publish","hentry"],"_links":{"self":[{"href":"https:\/\/conference.hu\/en\/wp-json\/wp\/v2\/pages\/18732","targetHints":{"allow":["GET"]}}],"collection":[{"href":"https:\/\/conference.hu\/en\/wp-json\/wp\/v2\/pages"}],"about":[{"href":"https:\/\/conference.hu\/en\/wp-json\/wp\/v2\/types\/page"}],"author":[{"embeddable":true,"href":"https:\/\/conference.hu\/en\/wp-json\/wp\/v2\/users\/97"}],"replies":[{"embeddable":true,"href":"https:\/\/conference.hu\/en\/wp-json\/wp\/v2\/comments?post=18732"}],"version-history":[{"count":0,"href":"https:\/\/conference.hu\/en\/wp-json\/wp\/v2\/pages\/18732\/revisions"}],"wp:attachment":[{"href":"https:\/\/conference.hu\/en\/wp-json\/wp\/v2\/media?parent=18732"}],"curies":[{"name":"wp","href":"https:\/\/api.w.org\/{rel}","templated":true}]}}