{"id":18296,"date":"2023-03-30T21:09:21","date_gmt":"2023-03-30T21:09:21","guid":{"rendered":"https:\/\/azidegenvezeto.hu\/?page_id=18296"},"modified":"2023-07-12T21:54:11","modified_gmt":"2023-07-12T21:54:11","slug":"szolgaltatasok","status":"publish","type":"page","link":"https:\/\/conference.hu\/en\/szolgaltatasok\/","title":{"rendered":"Services"},"content":{"rendered":"<div data-elementor-type=\"wp-page\" data-elementor-id=\"18296\" class=\"elementor elementor-18296\">\n\t\t\t\t\t\t<section class=\"elementor-section elementor-top-section elementor-element elementor-element-5ce860d elementor-section-boxed elementor-section-height-default elementor-section-height-default sc_fly_static\" data-id=\"5ce860d\" data-element_type=\"section\">\n\t\t\t\t\t\t<div class=\"elementor-container elementor-column-gap-extended\">\n\t\t\t\t\t<div class=\"elementor-column elementor-col-100 elementor-top-column elementor-element elementor-element-36bbf9a sc_inner_width_none sc_content_align_inherit sc_layouts_column_icons_position_left sc_fly_static\" data-id=\"36bbf9a\" data-element_type=\"column\">\n\t\t\t<div class=\"elementor-widget-wrap elementor-element-populated\">\n\t\t\t\t\t\t<div class=\"elementor-element elementor-element-2c41ddf sc_height_huge sc_fly_static elementor-widget elementor-widget-spacer\" data-id=\"2c41ddf\" data-element_type=\"widget\" data-widget_type=\"spacer.default\">\n\t\t\t\t<div class=\"elementor-widget-container\">\n\t\t\t\t\t\t\t<div class=\"elementor-spacer\">\n\t\t\t<div class=\"elementor-spacer-inner\"><\/div>\n\t\t<\/div>\n\t\t\t\t\t\t<\/div>\n\t\t\t\t<\/div>\n\t\t\t\t\t<\/div>\n\t\t<\/div>\n\t\t\t\t\t<\/div>\n\t\t<\/section>\n\t\t\t\t<section class=\"elementor-section elementor-top-section elementor-element elementor-element-c275414 elementor-section-boxed elementor-section-height-default elementor-section-height-default sc_fly_static\" data-id=\"c275414\" data-element_type=\"section\">\n\t\t\t\t\t\t<div class=\"elementor-container elementor-column-gap-extended\">\n\t\t\t\t\t<div class=\"elementor-column elementor-col-33 elementor-top-column elementor-element elementor-element-65475b0 sc_inner_width_none sc_content_align_inherit sc_layouts_column_icons_position_left sc_fly_static\" data-id=\"65475b0\" data-element_type=\"column\">\n\t\t\t<div class=\"elementor-widget-wrap elementor-element-populated\">\n\t\t\t\t\t\t<div class=\"elementor-element elementor-element-cbbeda3 sc_fly_static elementor-widget elementor-widget-image\" data-id=\"cbbeda3\" data-element_type=\"widget\" data-widget_type=\"image.default\">\n\t\t\t\t<div class=\"elementor-widget-container\">\n\t\t\t\t\t\t\t\t\t\t\t\t\t\t\t\t<a href=\"https:\/\/eventmanagement.hu\/szolgaltatasok\/konferencia-szervezes\" target=\"_blank\" rel=\"noopener\">\n\t\t\t\t\t\t\t<img fetchpriority=\"high\" decoding=\"async\" width=\"300\" height=\"220\" src=\"https:\/\/i0.wp.com\/conference.hu\/wp-content\/uploads\/2023\/06\/konferenciaszervezes-vagott.jpg?resize=300%2C220&amp;ssl=1\" class=\"elementor-animation-shrink attachment-qwery-thumb-rectangle size-qwery-thumb-rectangle wp-image-18922\" alt=\"\" \/>\t\t\t\t\t\t\t\t<\/a>\n\t\t\t\t\t\t\t\t\t\t\t\t\t\t\t<\/div>\n\t\t\t\t<\/div>\n\t\t\t\t<div class=\"elementor-element elementor-element-1cc9823 sc_fly_static elementor-widget elementor-widget-heading\" data-id=\"1cc9823\" data-element_type=\"widget\" data-widget_type=\"heading.default\">\n\t\t\t\t<div class=\"elementor-widget-container\">\n\t\t\t\t\t<h5 class=\"elementor-heading-title elementor-size-default\"><a href=\"https:\/\/eventmanagement.hu\/szolgaltatasok\/konferencia-szervezes\" target=\"_blank\" rel=\"noopener\">Conference management<\/a><\/h5>\t\t\t\t<\/div>\n\t\t\t\t<\/div>\n\t\t\t\t<div class=\"elementor-element elementor-element-4f6c4bd sc_fly_static elementor-widget elementor-widget-image\" data-id=\"4f6c4bd\" data-element_type=\"widget\" data-widget_type=\"image.default\">\n\t\t\t\t<div class=\"elementor-widget-container\">\n\t\t\t\t\t\t\t\t\t\t\t\t\t\t\t\t<a href=\"https:\/\/eventmanagement.hu\/szolgaltatasok\/kiemelt-ajanlatok\/\" target=\"_blank\" rel=\"noopener\">\n\t\t\t\t\t\t\t<img decoding=\"async\" width=\"300\" height=\"220\" src=\"https:\/\/i0.wp.com\/conference.hu\/wp-content\/uploads\/2023\/06\/kiemelt-ajanlatok-vagott.png?resize=300%2C220&amp;ssl=1\" class=\"elementor-animation-shrink attachment-qwery-thumb-rectangle size-qwery-thumb-rectangle wp-image-18924\" alt=\"\" \/>\t\t\t\t\t\t\t\t<\/a>\n\t\t\t\t\t\t\t\t\t\t\t\t\t\t\t<\/div>\n\t\t\t\t<\/div>\n\t\t\t\t<div class=\"elementor-element elementor-element-dd98197 sc_fly_static elementor-widget elementor-widget-heading\" data-id=\"dd98197\" data-element_type=\"widget\" data-widget_type=\"heading.default\">\n\t\t\t\t<div class=\"elementor-widget-container\">\n\t\t\t\t\t<h5 class=\"elementor-heading-title elementor-size-default\"><a href=\"https:\/\/eventmanagement.hu\/szolgaltatasok\/kiemelt-ajanlatok\/\" target=\"_blank\" rel=\"noopener\">Special offers<\/a><\/h5>\t\t\t\t<\/div>\n\t\t\t\t<\/div>\n\t\t\t\t\t<\/div>\n\t\t<\/div>\n\t\t\t\t<div class=\"elementor-column elementor-col-33 elementor-top-column elementor-element elementor-element-1080f28 sc_inner_width_none sc_content_align_inherit sc_layouts_column_icons_position_left sc_fly_static\" data-id=\"1080f28\" data-element_type=\"column\">\n\t\t\t<div class=\"elementor-widget-wrap elementor-element-populated\">\n\t\t\t\t\t\t<div class=\"elementor-element elementor-element-15fd62e sc_fly_static elementor-widget elementor-widget-image\" data-id=\"15fd62e\" data-element_type=\"widget\" data-widget_type=\"image.default\">\n\t\t\t\t<div class=\"elementor-widget-container\">\n\t\t\t\t\t\t\t\t\t\t\t\t\t\t\t\t<a href=\"https:\/\/eventmanagement.hu\/szolgaltatasok\/ceges-rendezvenyek\/\" target=\"_blank\" rel=\"noopener\">\n\t\t\t\t\t\t\t<img decoding=\"async\" width=\"300\" height=\"220\" src=\"https:\/\/i0.wp.com\/conference.hu\/wp-content\/uploads\/2023\/06\/ceges-rendezvenyek-vagott.jpg?resize=300%2C220&amp;ssl=1\" class=\"elementor-animation-shrink attachment-qwery-thumb-rectangle size-qwery-thumb-rectangle wp-image-18921\" alt=\"\" \/>\t\t\t\t\t\t\t\t<\/a>\n\t\t\t\t\t\t\t\t\t\t\t\t\t\t\t<\/div>\n\t\t\t\t<\/div>\n\t\t\t\t<div class=\"elementor-element elementor-element-749b3aa sc_fly_static elementor-widget elementor-widget-heading\" data-id=\"749b3aa\" data-element_type=\"widget\" data-widget_type=\"heading.default\">\n\t\t\t\t<div class=\"elementor-widget-container\">\n\t\t\t\t\t<h5 class=\"elementor-heading-title elementor-size-default\"><a href=\"https:\/\/eventmanagement.hu\/szolgaltatasok\/ceges-rendezvenyek\/\" target=\"_blank\" rel=\"noopener\">Corporate events<\/a><\/h5>\t\t\t\t<\/div>\n\t\t\t\t<\/div>\n\t\t\t\t<div class=\"elementor-element elementor-element-8461283 sc_fly_static elementor-widget elementor-widget-image\" data-id=\"8461283\" data-element_type=\"widget\" data-widget_type=\"image.default\">\n\t\t\t\t<div class=\"elementor-widget-container\">\n\t\t\t\t\t\t\t\t\t\t\t\t\t\t\t\t<a href=\"https:\/\/eventmanagement.hu\/szolgaltatasok\/klub-rendezvenyek\/\" target=\"_blank\" rel=\"noopener\">\n\t\t\t\t\t\t\t<img loading=\"lazy\" decoding=\"async\" width=\"300\" height=\"220\" src=\"https:\/\/i0.wp.com\/conference.hu\/wp-content\/uploads\/2023\/06\/klubrendezvenyek-vagott.jpg?resize=300%2C220&amp;ssl=1\" class=\"elementor-animation-shrink attachment-qwery-thumb-rectangle size-qwery-thumb-rectangle wp-image-18923\" alt=\"\" \/>\t\t\t\t\t\t\t\t<\/a>\n\t\t\t\t\t\t\t\t\t\t\t\t\t\t\t<\/div>\n\t\t\t\t<\/div>\n\t\t\t\t<div class=\"elementor-element elementor-element-08f0409 sc_fly_static elementor-widget elementor-widget-heading\" data-id=\"08f0409\" data-element_type=\"widget\" data-widget_type=\"heading.default\">\n\t\t\t\t<div class=\"elementor-widget-container\">\n\t\t\t\t\t<h5 class=\"elementor-heading-title elementor-size-default\"><a href=\"https:\/\/eventmanagement.hu\/szolgaltatasok\/klub-rendezvenyek\/\" target=\"_blank\" rel=\"noopener\">Club events<\/a><\/h5>\t\t\t\t<\/div>\n\t\t\t\t<\/div>\n\t\t\t\t\t<\/div>\n\t\t<\/div>\n\t\t\t\t<div class=\"elementor-column elementor-col-33 elementor-top-column elementor-element elementor-element-a1624c1 sc_inner_width_none sc_content_align_inherit sc_layouts_column_icons_position_left sc_fly_static\" data-id=\"a1624c1\" data-element_type=\"column\">\n\t\t\t<div class=\"elementor-widget-wrap elementor-element-populated\">\n\t\t\t\t\t\t<div class=\"elementor-element elementor-element-a82d2ab sc_fly_static elementor-widget elementor-widget-image\" data-id=\"a82d2ab\" data-element_type=\"widget\" data-widget_type=\"image.default\">\n\t\t\t\t<div class=\"elementor-widget-container\">\n\t\t\t\t\t\t\t\t\t\t\t\t\t\t\t\t<a href=\"https:\/\/eventmanagement.hu\/szolgaltatasok\/egyeb-szolgaltatasok\/\" target=\"_blank\" rel=\"noopener\">\n\t\t\t\t\t\t\t<img loading=\"lazy\" decoding=\"async\" width=\"300\" height=\"220\" src=\"https:\/\/i0.wp.com\/conference.hu\/wp-content\/uploads\/2023\/06\/egyebszolgaltatasok-vagott-1.jpg?resize=300%2C220&amp;ssl=1\" class=\"elementor-animation-shrink attachment-qwery-thumb-rectangle size-qwery-thumb-rectangle wp-image-18919\" alt=\"\" \/>\t\t\t\t\t\t\t\t<\/a>\n\t\t\t\t\t\t\t\t\t\t\t\t\t\t\t<\/div>\n\t\t\t\t<\/div>\n\t\t\t\t<div class=\"elementor-element elementor-element-1c3db8c sc_fly_static elementor-widget elementor-widget-heading\" data-id=\"1c3db8c\" data-element_type=\"widget\" data-widget_type=\"heading.default\">\n\t\t\t\t<div class=\"elementor-widget-container\">\n\t\t\t\t\t<h5 class=\"elementor-heading-title elementor-size-default\"><a href=\"https:\/\/eventmanagement.hu\/szolgaltatasok\/egyeb-szolgaltatasok\/\" target=\"_blank\" rel=\"noopener\">Other services<\/a><\/h5>\t\t\t\t<\/div>\n\t\t\t\t<\/div>\n\t\t\t\t\t<\/div>\n\t\t<\/div>\n\t\t\t\t\t<\/div>\n\t\t<\/section>\n\t\t\t\t<\/div>","protected":false},"excerpt":{"rendered":"<p>Konferencia szervez\u00e9s Kiemelt aj\u00e1nlatok C\u00e9ges rendezv\u00e9nyek Klub rendezv\u00e9nyek Egy\u00e9b szolg\u00e1ltat\u00e1sok<\/p>","protected":false},"author":97,"featured_media":0,"parent":0,"menu_order":0,"comment_status":"closed","ping_status":"closed","template":"","meta":{"footnotes":""},"class_list":["post-18296","page","type-page","status-publish","hentry"],"_links":{"self":[{"href":"https:\/\/conference.hu\/en\/wp-json\/wp\/v2\/pages\/18296","targetHints":{"allow":["GET"]}}],"collection":[{"href":"https:\/\/conference.hu\/en\/wp-json\/wp\/v2\/pages"}],"about":[{"href":"https:\/\/conference.hu\/en\/wp-json\/wp\/v2\/types\/page"}],"author":[{"embeddable":true,"href":"https:\/\/conference.hu\/en\/wp-json\/wp\/v2\/users\/97"}],"replies":[{"embeddable":true,"href":"https:\/\/conference.hu\/en\/wp-json\/wp\/v2\/comments?post=18296"}],"version-history":[{"count":29,"href":"https:\/\/conference.hu\/en\/wp-json\/wp\/v2\/pages\/18296\/revisions"}],"predecessor-version":[{"id":19397,"href":"https:\/\/conference.hu\/en\/wp-json\/wp\/v2\/pages\/18296\/revisions\/19397"}],"wp:attachment":[{"href":"https:\/\/conference.hu\/en\/wp-json\/wp\/v2\/media?parent=18296"}],"curies":[{"name":"wp","href":"https:\/\/api.w.org\/{rel}","templated":true}]}}