{"id":18132,"date":"2023-03-30T10:13:08","date_gmt":"2023-03-30T10:13:08","guid":{"rendered":"https:\/\/azidegenvezeto.hu\/?page_id=18132"},"modified":"2023-06-26T20:30:55","modified_gmt":"2023-06-26T20:30:55","slug":"konferencia-szervezes","status":"publish","type":"page","link":"https:\/\/conference.hu\/en\/szolgaltatasok\/konferencia-szervezes\/","title":{"rendered":"Conference management"},"content":{"rendered":"<div data-elementor-type=\"wp-page\" data-elementor-id=\"18132\" class=\"elementor elementor-18132\">\n\t\t\t\t\t\t<section class=\"elementor-section elementor-top-section elementor-element elementor-element-5ce860d elementor-section-boxed elementor-section-height-default elementor-section-height-default sc_fly_static\" data-id=\"5ce860d\" data-element_type=\"section\">\n\t\t\t\t\t\t<div class=\"elementor-container elementor-column-gap-extended\">\n\t\t\t\t\t<div class=\"elementor-column elementor-col-100 elementor-top-column elementor-element elementor-element-36bbf9a sc_inner_width_none sc_content_align_inherit sc_layouts_column_icons_position_left sc_fly_static\" data-id=\"36bbf9a\" data-element_type=\"column\">\n\t\t\t<div class=\"elementor-widget-wrap elementor-element-populated\">\n\t\t\t\t\t\t<div class=\"elementor-element elementor-element-2c41ddf sc_height_huge sc_fly_static elementor-widget elementor-widget-spacer\" data-id=\"2c41ddf\" data-element_type=\"widget\" data-widget_type=\"spacer.default\">\n\t\t\t\t<div class=\"elementor-widget-container\">\n\t\t\t\t\t\t\t<div class=\"elementor-spacer\">\n\t\t\t<div class=\"elementor-spacer-inner\"><\/div>\n\t\t<\/div>\n\t\t\t\t\t\t<\/div>\n\t\t\t\t<\/div>\n\t\t\t\t\t<\/div>\n\t\t<\/div>\n\t\t\t\t\t<\/div>\n\t\t<\/section>\n\t\t\t\t<section class=\"elementor-section elementor-top-section elementor-element elementor-element-308ee23 elementor-section-boxed elementor-section-height-default elementor-section-height-default sc_fly_static\" data-id=\"308ee23\" data-element_type=\"section\">\n\t\t\t\t\t\t<div class=\"elementor-container elementor-column-gap-extended\">\n\t\t\t\t\t<div class=\"elementor-column elementor-col-100 elementor-top-column elementor-element elementor-element-fa889f2 sc_inner_width_none sc_content_align_inherit sc_layouts_column_icons_position_left sc_fly_static\" data-id=\"fa889f2\" data-element_type=\"column\">\n\t\t\t<div class=\"elementor-widget-wrap elementor-element-populated\">\n\t\t\t\t\t\t<div class=\"elementor-element elementor-element-b600398 sc_fly_static elementor-widget elementor-widget-trx_sc_services\" data-id=\"b600398\" data-element_type=\"widget\" data-widget_type=\"trx_sc_services.default\">\n\t\t\t\t<div class=\"elementor-widget-container\">\n\t\t\t\t\t<div class=\"sc_services sc_services_default sc_services_featured_top\"><div class=\"sc_services_columns_wrap sc_item_columns sc_item_posts_container sc_item_columns_3 trx_addons_columns_wrap columns_padding_bottom columns_in_single_row\"><div class=\"trx_addons_column-1_3\"><div data-post-id=\"754\" class=\"sc_services_item sc_item_container post_container with_content with_image sc_services_item_featured_top post-754 cpt_services type-cpt_services status-publish has-post-thumbnail hentry cpt_services_group-konferencia-szervezes\" data-item-number=\"1\"\n>\n\t<div class=\"post_featured with_thumb hover_link sc_services_item_thumb\"><img fetchpriority=\"high\" decoding=\"async\" width=\"500\" height=\"200\" src=\"https:\/\/i0.wp.com\/conference.hu\/wp-content\/uploads\/2020\/04\/szakmai-konferencia-konferenciaszervezes.jpg?resize=500%2C200&amp;ssl=1\" class=\"attachment-qwery-thumb-square size-qwery-thumb-square wp-post-image\" alt=\"\" srcset=\"https:\/\/i0.wp.com\/conference.hu\/wp-content\/uploads\/2020\/04\/szakmai-konferencia-konferenciaszervezes.jpg?w=500&amp;ssl=1 500w, https:\/\/i0.wp.com\/conference.hu\/wp-content\/uploads\/2020\/04\/szakmai-konferencia-konferenciaszervezes.jpg?resize=300%2C120&amp;ssl=1 300w, https:\/\/i0.wp.com\/conference.hu\/wp-content\/uploads\/2020\/04\/szakmai-konferencia-konferenciaszervezes.jpg?resize=370%2C148&amp;ssl=1 370w, https:\/\/i0.wp.com\/conference.hu\/wp-content\/uploads\/2020\/04\/szakmai-konferencia-konferenciaszervezes.jpg?resize=410%2C164&amp;ssl=1 410w\" sizes=\"(max-width: 600px) 100vw, 500px\" \/>\t\t\t\t\t\t<div class=\"mask\"><\/div>\n\t\t\t\t\t\t<a class=\"post_link sc_services_item_link\" href=\"https:\/\/conference.hu\/en\/ajanlat\/tolmacsolas\/\"><\/a>\t\t\t<a href=\"https:\/\/conference.hu\/en\/ajanlat\/tolmacsolas\/\"  aria-hidden=\"true\" class=\"link\"><\/a>\n\t\t\t<\/div>\t\n\t<div class=\"sc_services_item_info\">\n\t\t\t\t<div class=\"sc_services_item_header\">\n\t\t\t\t\t\t<h4 class=\"sc_services_item_title entry-title\"><a href=\"https:\/\/conference.hu\/en\/ajanlat\/tolmacsolas\/\">Professional Conferences<\/a><\/h4>\n            <div class=\"sc_services_item_subtitle\"><a href=\"https:\/\/conference.hu\/en\/services_group\/konferencia-szervezes\/\" title=\"View all posts in Konferencia szervez\u00e9s\">Conference management<\/a><\/div>\t\t<\/div>\n\t\t                    <div class=\"sc_services_item_content\"><p>Our most important activity is conference management, which is one of our most popular services...<\/p>\n<\/div><div class=\"sc_services_item_button sc_item_button\">\n            <a href=\"https:\/\/conference.hu\/en\/ajanlat\/tolmacsolas\/\" class=\"sc_services_item_more_link\">\n                <span class=\"link_text\">I'm interested<\/span><span class=\"link_icon\"><\/span>\n            <\/a>\n            <\/div><\/div>\n<\/div>\n<\/div><div class=\"trx_addons_column-1_3\"><div data-post-id=\"18939\" class=\"sc_services_item sc_item_container post_container with_content with_image sc_services_item_featured_top post-18939 cpt_services type-cpt_services status-publish has-post-thumbnail hentry cpt_services_group-konferencia-szervezes\" data-item-number=\"2\"\n>\n\t<div class=\"post_featured with_thumb hover_link sc_services_item_thumb\"><img decoding=\"async\" width=\"500\" height=\"200\" src=\"https:\/\/i0.wp.com\/conference.hu\/wp-content\/uploads\/2023\/06\/trening_trening_szervezes.jpg?resize=500%2C200&amp;ssl=1\" class=\"attachment-qwery-thumb-square size-qwery-thumb-square wp-post-image\" alt=\"\" srcset=\"https:\/\/i0.wp.com\/conference.hu\/wp-content\/uploads\/2023\/06\/trening_trening_szervezes.jpg?w=500&amp;ssl=1 500w, https:\/\/i0.wp.com\/conference.hu\/wp-content\/uploads\/2023\/06\/trening_trening_szervezes.jpg?resize=300%2C120&amp;ssl=1 300w, https:\/\/i0.wp.com\/conference.hu\/wp-content\/uploads\/2023\/06\/trening_trening_szervezes.jpg?resize=370%2C148&amp;ssl=1 370w, https:\/\/i0.wp.com\/conference.hu\/wp-content\/uploads\/2023\/06\/trening_trening_szervezes.jpg?resize=410%2C164&amp;ssl=1 410w\" sizes=\"(max-width: 600px) 100vw, 500px\" \/>\t\t\t\t\t\t<div class=\"mask\"><\/div>\n\t\t\t\t\t\t<a class=\"post_link sc_services_item_link\" href=\"https:\/\/conference.hu\/en\/ajanlat\/treningek\/\"><\/a>\t\t\t<a href=\"https:\/\/conference.hu\/en\/ajanlat\/treningek\/\"  aria-hidden=\"true\" class=\"link\"><\/a>\n\t\t\t<\/div>\t\n\t<div class=\"sc_services_item_info\">\n\t\t\t\t<div class=\"sc_services_item_header\">\n\t\t\t\t\t\t<h4 class=\"sc_services_item_title entry-title\"><a href=\"https:\/\/conference.hu\/en\/ajanlat\/treningek\/\">Trainings<\/a><\/h4>\n            <div class=\"sc_services_item_subtitle\"><a href=\"https:\/\/conference.hu\/en\/services_group\/konferencia-szervezes\/\" title=\"View all posts in Konferencia szervez\u00e9s\">Conference management<\/a><\/div>\t\t<\/div>\n\t\t                    <div class=\"sc_services_item_content\"><p>Generally, we organize small tranining groups (5-20 people) for one topic. At each training session, a pofessional leader directs the training process (trainer) working with skill developing methods.\nMost trainings are run by the trainer, but sometimes it is more effective if two trainers lead the process, complementing each other, helping each other to increase the success of the training exercises...<\/p>\n<\/div><div class=\"sc_services_item_button sc_item_button\">\n            <a href=\"https:\/\/conference.hu\/en\/ajanlat\/treningek\/\" class=\"sc_services_item_more_link\">\n                <span class=\"link_text\">I'm interested<\/span><span class=\"link_icon\"><\/span>\n            <\/a>\n            <\/div><\/div>\n<\/div>\n<\/div><div class=\"trx_addons_column-1_3\"><div data-post-id=\"18940\" class=\"sc_services_item sc_item_container post_container with_content with_image sc_services_item_featured_top post-18940 cpt_services type-cpt_services status-publish has-post-thumbnail hentry cpt_services_group-konferencia-szervezes\" data-item-number=\"3\"\n>\n\t<div class=\"post_featured with_thumb hover_link sc_services_item_thumb\"><img decoding=\"async\" width=\"500\" height=\"200\" src=\"https:\/\/i0.wp.com\/conference.hu\/wp-content\/uploads\/2023\/06\/oktatas_tovabbkepzes.jpg?resize=500%2C200&amp;ssl=1\" class=\"attachment-qwery-thumb-square size-qwery-thumb-square wp-post-image\" alt=\"\" srcset=\"https:\/\/i0.wp.com\/conference.hu\/wp-content\/uploads\/2023\/06\/oktatas_tovabbkepzes.jpg?w=500&amp;ssl=1 500w, https:\/\/i0.wp.com\/conference.hu\/wp-content\/uploads\/2023\/06\/oktatas_tovabbkepzes.jpg?resize=300%2C120&amp;ssl=1 300w, https:\/\/i0.wp.com\/conference.hu\/wp-content\/uploads\/2023\/06\/oktatas_tovabbkepzes.jpg?resize=370%2C148&amp;ssl=1 370w, https:\/\/i0.wp.com\/conference.hu\/wp-content\/uploads\/2023\/06\/oktatas_tovabbkepzes.jpg?resize=410%2C164&amp;ssl=1 410w\" sizes=\"(max-width: 600px) 100vw, 500px\" \/>\t\t\t\t\t\t<div class=\"mask\"><\/div>\n\t\t\t\t\t\t<a class=\"post_link sc_services_item_link\" href=\"https:\/\/conference.hu\/en\/ajanlat\/oktatas-tovabbkepzes\/\"><\/a>\t\t\t<a href=\"https:\/\/conference.hu\/en\/ajanlat\/oktatas-tovabbkepzes\/\"  aria-hidden=\"true\" class=\"link\"><\/a>\n\t\t\t<\/div>\t\n\t<div class=\"sc_services_item_info\">\n\t\t\t\t<div class=\"sc_services_item_header\">\n\t\t\t\t\t\t<h4 class=\"sc_services_item_title entry-title\"><a href=\"https:\/\/conference.hu\/en\/ajanlat\/oktatas-tovabbkepzes\/\">Oktat\u00e1s, Tov\u00e1bbk\u00e9pz\u00e9s<\/a><\/h4>\n            <div class=\"sc_services_item_subtitle\"><a href=\"https:\/\/conference.hu\/en\/services_group\/konferencia-szervezes\/\" title=\"View all posts in Konferencia szervez\u00e9s\">Conference management<\/a><\/div>\t\t<\/div>\n\t\t                    <div class=\"sc_services_item_content\"><p>C\u00e9g\u00fcnk v\u00e1llalja kis \u00e9s nagycsoportos tov\u00e1bbk\u00e9pz\u00e9s teljesk\u00f6r\u0171 megszervez\u00e9s\u00e9t. Legyen sz\u00f3 rendezv\u00e9nyhelysz\u00edn, rendezv\u00e9nytechnika (a hozz\u00e1 sz\u00fcks\u00e9ges eszk\u00f6z\u00f6k) vagy catering szolg\u00e1ltat\u00e1sr\u00f3l, min\u0151s\u00e9gi sz\u00ednvonalon biztos\u00edtjuk \u00d6nnek. Ig\u00e9ny eset\u00e9n pedig a legjobb, t\u00e9m\u00e1nak megfelel\u0151&hellip;<\/p>\n<\/div><div class=\"sc_services_item_button sc_item_button\">\n            <a href=\"https:\/\/conference.hu\/en\/ajanlat\/oktatas-tovabbkepzes\/\" class=\"sc_services_item_more_link\">\n                <span class=\"link_text\">I'm interested<\/span><span class=\"link_icon\"><\/span>\n            <\/a>\n            <\/div><\/div>\n<\/div>\n<\/div><\/div><\/div>\t\t\t\t<\/div>\n\t\t\t\t<\/div>\n\t\t\t\t\t<\/div>\n\t\t<\/div>\n\t\t\t\t\t<\/div>\n\t\t<\/section>\n\t\t\t\t<\/div>","protected":false},"excerpt":{"rendered":"<p>Szakmai konferenci\u00e1k Konferencia szervez\u00e9s Magyarorsz\u00e1g&nbsp;&gt;&nbsp;K\u00f6z\u00e9p-Magyarorsz\u00e1g&nbsp;&gt;&nbsp;Budapest Legfontosabb tev\u00e9kenys\u00e9ge c\u00e9g\u00fcnknek a&nbsp;konferencia szervez\u00e9s, amely az egyik legkeresettebb szolg\u00e1ltat\u00e1saink k\u00f6z\u00e9 tartozik. Seg\u00edt\u00fcnk a&nbsp;c\u00e9ges rendezv\u00e9ny&nbsp;\u00f6ssze\u00e1ll\u00edt\u00e1s\u00e1ban, a legmegfelel\u0151bb&nbsp;rendezv\u00e9nyhelysz\u00edn&nbsp;\u00e9s a t\u00e9m\u00e1nak megfelel\u0151&nbsp;dekor\u00e1ci\u00f3&nbsp;kiv\u00e1laszt\u00e1s\u00e1ban, biztos\u00edtjuk a&nbsp;rendezv\u00e9nytechnika&nbsp;m\u0171k\u00f6d\u00e9s\u00e9t \u00e9s az eg\u00e9sz&nbsp;konferencia&nbsp;koordin\u00e1l\u00e1s\u00e1t.&hellip;<\/p>","protected":false},"author":97,"featured_media":0,"parent":18296,"menu_order":0,"comment_status":"closed","ping_status":"closed","template":"","meta":{"footnotes":""},"class_list":["post-18132","page","type-page","status-publish","hentry"],"_links":{"self":[{"href":"https:\/\/conference.hu\/en\/wp-json\/wp\/v2\/pages\/18132","targetHints":{"allow":["GET"]}}],"collection":[{"href":"https:\/\/conference.hu\/en\/wp-json\/wp\/v2\/pages"}],"about":[{"href":"https:\/\/conference.hu\/en\/wp-json\/wp\/v2\/types\/page"}],"author":[{"embeddable":true,"href":"https:\/\/conference.hu\/en\/wp-json\/wp\/v2\/users\/97"}],"replies":[{"embeddable":true,"href":"https:\/\/conference.hu\/en\/wp-json\/wp\/v2\/comments?post=18132"}],"version-history":[{"count":10,"href":"https:\/\/conference.hu\/en\/wp-json\/wp\/v2\/pages\/18132\/revisions"}],"predecessor-version":[{"id":18958,"href":"https:\/\/conference.hu\/en\/wp-json\/wp\/v2\/pages\/18132\/revisions\/18958"}],"up":[{"embeddable":true,"href":"https:\/\/conference.hu\/en\/wp-json\/wp\/v2\/pages\/18296"}],"wp:attachment":[{"href":"https:\/\/conference.hu\/en\/wp-json\/wp\/v2\/media?parent=18132"}],"curies":[{"name":"wp","href":"https:\/\/api.w.org\/{rel}","templated":true}]}}